{"id":1542,"date":"2021-11-18T15:05:15","date_gmt":"2021-11-18T15:05:15","guid":{"rendered":"https:\/\/joolgroup.com\/contact\/"},"modified":"2021-11-21T16:35:52","modified_gmt":"2021-11-21T16:35:52","slug":"kontakt","status":"publish","type":"page","link":"https:\/\/joolgroup.com\/sv\/kontakt\/","title":{"rendered":"Kontakt"},"content":{"rendered":"<p>[et_pb_section fb_built=&#8221;1&#8243; custom_padding_last_edited=&#8221;on|phone&#8221; _builder_version=&#8221;4.5.7&#8243; background_enable_color=&#8221;off&#8221; use_background_color_gradient=&#8221;on&#8221; background_color_gradient_start=&#8221;rgba(0,10,0,0.08)&#8221; background_color_gradient_direction=&#8221;360deg&#8221; background_color_gradient_start_position=&#8221;100%&#8221; background_color_gradient_overlays_image=&#8221;on&#8221; background_image=&#8221;https:\/\/joolgroup.com\/wp-content\/uploads\/2021\/11\/JOOL_office_fix.jpg&#8221; min_height=&#8221;760px&#8221; min_height_tablet=&#8221;&#8221; min_height_phone=&#8221;780px&#8221; min_height_last_edited=&#8221;on|phone&#8221; custom_margin=&#8221;||||true&#8221; custom_margin_tablet=&#8221;&#8221; custom_margin_phone=&#8221;-8px||-8px||true|false&#8221; custom_margin_last_edited=&#8221;on|phone&#8221; custom_padding=&#8221;59px||59px||true|false&#8221; custom_padding_tablet=&#8221;&#8221; custom_padding_phone=&#8221;85px||0px||false|false&#8221; locked=&#8221;off&#8221; global_colors_info=&#8221;{}&#8221;][et_pb_row custom_padding_last_edited=&#8221;on|phone&#8221; _builder_version=&#8221;4.5.7&#8243; background_size=&#8221;initial&#8221; background_position=&#8221;top_left&#8221; background_repeat=&#8221;repeat&#8221; custom_padding=&#8221;220px|0px|150px|0px|false|false&#8221; custom_padding_tablet=&#8221;&#8221; custom_padding_phone=&#8221;207px|0px|150px|0px|false|false&#8221; locked=&#8221;off&#8221; global_colors_info=&#8221;{}&#8221;][et_pb_column type=&#8221;4_4&#8243; _builder_version=&#8221;3.25&#8243; custom_padding=&#8221;|||&#8221; global_colors_info=&#8221;{}&#8221; custom_padding__hover=&#8221;|||&#8221;][et_pb_text _builder_version=&#8221;4.13.1&#8243; _module_preset=&#8221;default&#8221; header_font=&#8221;Cormorant Garamond||||||||&#8221; header_text_align=&#8221;center&#8221; header_text_color=&#8221;#FFFFFF&#8221; header_font_size=&#8221;78px&#8221; custom_padding=&#8221;92px|||||&#8221; header_font_size_tablet=&#8221;&#8221; header_font_size_phone=&#8221;53px&#8221; header_font_size_last_edited=&#8221;on|phone&#8221; global_colors_info=&#8221;{}&#8221;]<\/p>\n<h1>Kontakt<\/h1>\n<p>[\/et_pb_text][\/et_pb_column][\/et_pb_row][\/et_pb_section][et_pb_section fb_built=&#8221;1&#8243; _builder_version=&#8221;4.5.7&#8243; custom_padding=&#8221;88px|0|141px|0px|false|false&#8221; global_colors_info=&#8221;{}&#8221;][et_pb_row make_equal=&#8221;on&#8221; _builder_version=&#8221;3.25&#8243; custom_margin=&#8221;|auto|19px|auto||&#8221; global_colors_info=&#8221;{}&#8221;][et_pb_column type=&#8221;4_4&#8243; _builder_version=&#8221;3.25&#8243; custom_padding=&#8221;|||&#8221; global_colors_info=&#8221;{}&#8221; custom_padding__hover=&#8221;|||&#8221;][et_pb_text _builder_version=&#8221;4.13.1&#8243; text_font=&#8221;Inter|300|||||||&#8221; text_font_size=&#8221;15px&#8221; header_font=&#8221;Cormorant Garamond||||||||&#8221; header_font_size=&#8221;63px&#8221; header_2_font=&#8221;Cormorant Garamond||||||||&#8221; header_2_font_size=&#8221;44px&#8221; header_4_font=&#8221;Cormorant Garamond||||||||&#8221; header_4_font_size=&#8221;24px&#8221; text_orientation=&#8221;center&#8221; custom_margin=&#8221;2px|||||&#8221; hover_enabled=&#8221;0&#8243; header_4_font_size_tablet=&#8221;&#8221; header_4_font_size_phone=&#8221;20px&#8221; header_4_font_size_last_edited=&#8221;on|phone&#8221; z_index_tablet=&#8221;500&#8243; global_colors_info=&#8221;{}&#8221; sticky_enabled=&#8221;0&#8243;]<\/p>\n<h2>Kontakta oss<\/h2>\n<p>[\/et_pb_text][et_pb_divider color=&#8221;#000000&#8243; _builder_version=&#8221;4.5.7&#8243; _module_preset=&#8221;default&#8221; width=&#8221;22%&#8221; module_alignment=&#8221;center&#8221; global_colors_info=&#8221;{}&#8221;][\/et_pb_divider][\/et_pb_column][\/et_pb_row][et_pb_row column_structure=&#8221;1_3,1_3,1_3&#8243; _builder_version=&#8221;4.5.7&#8243; _module_preset=&#8221;default&#8221; width=&#8221;59%&#8221; width_tablet=&#8221;&#8221; width_phone=&#8221;71%&#8221; width_last_edited=&#8221;on|desktop&#8221; custom_padding=&#8221;39px||6px|||&#8221; global_colors_info=&#8221;{}&#8221;][et_pb_column type=&#8221;1_3&#8243; _builder_version=&#8221;4.5.7&#8243; _module_preset=&#8221;default&#8221; global_colors_info=&#8221;{}&#8221;][et_pb_image src=&#8221;https:\/\/joolgroup.com\/wp-content\/uploads\/2021\/11\/Lessebo-Herrga\u030ard_fix.jpg&#8221; title_text=&#8221;Lessebo-Herrga\u030ard_fix&#8221; url=&#8221;https:\/\/goo.gl\/maps\/TuJvT5ZxVsqVBjiR9&#8243; url_new_window=&#8221;on&#8221; _builder_version=&#8221;4.5.7&#8243; _module_preset=&#8221;default&#8221; width_tablet=&#8221;78%&#8221; width_phone=&#8221;&#8221; width_last_edited=&#8221;on|tablet&#8221; filter_saturate=&#8221;0%&#8221; module_alignment_tablet=&#8221;center&#8221; module_alignment_phone=&#8221;&#8221; module_alignment_last_edited=&#8221;on|tablet&#8221; global_colors_info=&#8221;{}&#8221;][\/et_pb_image][et_pb_text _builder_version=&#8221;4.5.7&#8243; _module_preset=&#8221;default&#8221; text_font=&#8221;Inter||||||||&#8221; text_font_size=&#8221;16px&#8221; text_line_height=&#8221;1.5em&#8221; text_orientation=&#8221;center&#8221; custom_margin=&#8221;||24px|||&#8221; global_colors_info=&#8221;{}&#8221;]<\/p>\n<p><span>Storgatan 90<\/span><br \/><span>360 50 Lessebo<\/span><\/p>\n<p>[\/et_pb_text][\/et_pb_column][et_pb_column type=&#8221;1_3&#8243; _builder_version=&#8221;4.5.7&#8243; _module_preset=&#8221;default&#8221; global_colors_info=&#8221;{}&#8221;][et_pb_image src=&#8221;https:\/\/joolgroup.com\/wp-content\/uploads\/2021\/11\/jool-gbg_office.jpg&#8221; title_text=&#8221;jool-gbg_office&#8221; url=&#8221;https:\/\/goo.gl\/maps\/yhr8YEHmcuPWB1nX7&#8243; url_new_window=&#8221;on&#8221; _builder_version=&#8221;4.5.7&#8243; _module_preset=&#8221;default&#8221; width_tablet=&#8221;78%&#8221; width_phone=&#8221;&#8221; width_last_edited=&#8221;on|tablet&#8221; custom_margin_tablet=&#8221;49px||||false|false&#8221; custom_margin_phone=&#8221;&#8221; custom_margin_last_edited=&#8221;on|tablet&#8221; filter_saturate=&#8221;0%&#8221; module_alignment_tablet=&#8221;center&#8221; module_alignment_phone=&#8221;&#8221; module_alignment_last_edited=&#8221;on|tablet&#8221; global_colors_info=&#8221;{}&#8221;][\/et_pb_image][et_pb_text _builder_version=&#8221;4.5.7&#8243; _module_preset=&#8221;default&#8221; text_font=&#8221;Inter||||||||&#8221; text_font_size=&#8221;16px&#8221; text_line_height=&#8221;1.5em&#8221; text_orientation=&#8221;center&#8221; custom_margin=&#8221;||23px|||&#8221; global_colors_info=&#8221;{}&#8221;]<\/p>\n<p><span>S\u00f6dra Hamngatan 19-21<\/span><br \/> <span>411 14 G\u00f6teborg<\/span><\/p>\n<p>[\/et_pb_text][\/et_pb_column][et_pb_column type=&#8221;1_3&#8243; _builder_version=&#8221;4.5.7&#8243; _module_preset=&#8221;default&#8221; global_colors_info=&#8221;{}&#8221;][et_pb_image src=&#8221;https:\/\/joolgroup.com\/wp-content\/uploads\/2021\/11\/jool-sthlm_office.jpg&#8221; title_text=&#8221;jool-sthlm_office&#8221; url=&#8221;https:\/\/goo.gl\/maps\/HBxDMZW4TVoZuGig7&#8243; url_new_window=&#8221;on&#8221; _builder_version=&#8221;4.5.7&#8243; _module_preset=&#8221;default&#8221; width_tablet=&#8221;78%&#8221; width_phone=&#8221;&#8221; width_last_edited=&#8221;on|tablet&#8221; custom_margin_tablet=&#8221;44px||||false|false&#8221; custom_margin_phone=&#8221;&#8221; custom_margin_last_edited=&#8221;on|tablet&#8221; filter_saturate=&#8221;0%&#8221; module_alignment_tablet=&#8221;center&#8221; module_alignment_phone=&#8221;&#8221; module_alignment_last_edited=&#8221;on|tablet&#8221; global_colors_info=&#8221;{}&#8221;][\/et_pb_image][et_pb_text _builder_version=&#8221;4.5.7&#8243; _module_preset=&#8221;default&#8221; text_font=&#8221;Inter||||||||&#8221; text_font_size=&#8221;16px&#8221; text_line_height=&#8221;1.5em&#8221; text_orientation=&#8221;center&#8221; custom_margin=&#8221;||22px|||&#8221; global_colors_info=&#8221;{}&#8221;]<\/p>\n<p><span>Strandv\u00e4gen 3<\/span><br \/> <span>114 51 Stockholm<\/span><\/p>\n<p>[\/et_pb_text][\/et_pb_column][\/et_pb_row][et_pb_row _builder_version=&#8221;4.5.7&#8243; _module_preset=&#8221;default&#8221; custom_padding=&#8221;21px|||||&#8221; global_colors_info=&#8221;{}&#8221;][et_pb_column type=&#8221;4_4&#8243; _builder_version=&#8221;4.5.7&#8243; _module_preset=&#8221;default&#8221; global_colors_info=&#8221;{}&#8221;][et_pb_divider color=&#8221;#000000&#8243; _builder_version=&#8221;4.5.7&#8243; _module_preset=&#8221;default&#8221; width=&#8221;44%&#8221; module_alignment=&#8221;center&#8221; custom_margin=&#8221;17px|||||&#8221; global_colors_info=&#8221;{}&#8221;][\/et_pb_divider][et_pb_text _builder_version=&#8221;4.5.7&#8243; _module_preset=&#8221;default&#8221; width=&#8221;13%&#8221; module_alignment=&#8221;center&#8221; filter_contrast=&#8221;25%&#8221; global_colors_info=&#8221;{}&#8221;]<\/p>\n<p><a href=\"https:\/\/joolgroup.com\/wp-content\/uploads\/2021\/11\/mailikon.svg\"><\/a><a href=\"mailto:info@joolgroup.com\"><img loading=\"lazy\" src=\"https:\/\/joolgroup.com\/wp-content\/uploads\/2021\/11\/mailikon_v3.svg\" width=\"46\" height=\"32\" alt=\"\" class=\"wp-image-858 alignnone size-medium\" style=\"display: block; margin-left: auto; margin-right: auto;\" \/><\/a><a href=\"https:\/\/joolgroup.com\/wp-content\/uploads\/2021\/11\/mailikon_v2.svg\"><\/a><a href=\"https:\/\/joolgroup.com\/wp-content\/uploads\/2021\/11\/mailikon.svg\"><\/a><\/p>\n<p>[\/et_pb_text][\/et_pb_column][\/et_pb_row][\/et_pb_section]<\/p>\n","protected":false},"excerpt":{"rendered":"<p>KontaktKontakta ossStorgatan 90360 50 LesseboS\u00f6dra Hamngatan 19-21 411 14 G\u00f6teborgStrandv\u00e4gen 3 114 51 Stockholm<\/p>\n","protected":false},"author":1,"featured_media":0,"parent":0,"menu_order":0,"comment_status":"closed","ping_status":"closed","template":"","meta":{"_et_pb_use_builder":"on","_et_pb_old_content":"","_et_gb_content_width":"","inline_featured_image":false},"yoast_head":"<!-- This site is optimized with the Yoast SEO plugin v20.5 - https:\/\/yoast.com\/wordpress\/plugins\/seo\/ -->\n<title>Kontakt - JOOL GROUP<\/title>\n<meta name=\"robots\" content=\"index, follow, max-snippet:-1, max-image-preview:large, max-video-preview:-1\" \/>\n<link rel=\"canonical\" href=\"https:\/\/joolgroup.com\/sv\/kontakt\/\" \/>\n<meta property=\"og:locale\" content=\"sv_SE\" \/>\n<meta property=\"og:type\" content=\"article\" \/>\n<meta property=\"og:title\" content=\"Kontakt - JOOL GROUP\" \/>\n<meta property=\"og:description\" content=\"KontaktKontakta ossStorgatan 90360 50 LesseboS\u00f6dra Hamngatan 19-21 411 14 G\u00f6teborgStrandv\u00e4gen 3 114 51 Stockholm\" \/>\n<meta property=\"og:url\" content=\"https:\/\/joolgroup.com\/sv\/kontakt\/\" \/>\n<meta property=\"og:site_name\" content=\"JOOL GROUP\" \/>\n<meta property=\"article:publisher\" content=\"https:\/\/www.facebook.com\/joolgroup\/\" \/>\n<meta property=\"article:modified_time\" content=\"2021-11-21T16:35:52+00:00\" \/>\n<meta property=\"og:image\" content=\"https:\/\/joolgroup.com\/wp-content\/uploads\/2021\/11\/mailikon_v3.svg\" \/>\n<meta name=\"twitter:card\" content=\"summary_large_image\" \/>\n<meta name=\"twitter:label1\" content=\"Ber\u00e4knad l\u00e4stid\" \/>\n\t<meta name=\"twitter:data1\" content=\"4 minuter\" \/>\n<script type=\"application\/ld+json\" class=\"yoast-schema-graph\">{\"@context\":\"https:\/\/schema.org\",\"@graph\":[{\"@type\":\"WebPage\",\"@id\":\"https:\/\/joolgroup.com\/sv\/kontakt\/\",\"url\":\"https:\/\/joolgroup.com\/sv\/kontakt\/\",\"name\":\"Kontakt - JOOL GROUP\",\"isPartOf\":{\"@id\":\"https:\/\/joolgroup.com\/#website\"},\"datePublished\":\"2021-11-18T15:05:15+00:00\",\"dateModified\":\"2021-11-21T16:35:52+00:00\",\"breadcrumb\":{\"@id\":\"https:\/\/joolgroup.com\/sv\/kontakt\/#breadcrumb\"},\"inLanguage\":\"sv-SE\",\"potentialAction\":[{\"@type\":\"ReadAction\",\"target\":[\"https:\/\/joolgroup.com\/sv\/kontakt\/\"]}]},{\"@type\":\"BreadcrumbList\",\"@id\":\"https:\/\/joolgroup.com\/sv\/kontakt\/#breadcrumb\",\"itemListElement\":[{\"@type\":\"ListItem\",\"position\":1,\"name\":\"Home\",\"item\":\"https:\/\/joolgroup.com\/sv\/\"},{\"@type\":\"ListItem\",\"position\":2,\"name\":\"Kontakt\"}]},{\"@type\":\"WebSite\",\"@id\":\"https:\/\/joolgroup.com\/#website\",\"url\":\"https:\/\/joolgroup.com\/\",\"name\":\"JOOL GROUP\",\"description\":\"Our passion is entrepreneurship\",\"publisher\":{\"@id\":\"https:\/\/joolgroup.com\/#organization\"},\"potentialAction\":[{\"@type\":\"SearchAction\",\"target\":{\"@type\":\"EntryPoint\",\"urlTemplate\":\"https:\/\/joolgroup.com\/?s={search_term_string}\"},\"query-input\":\"required name=search_term_string\"}],\"inLanguage\":\"sv-SE\"},{\"@type\":\"Organization\",\"@id\":\"https:\/\/joolgroup.com\/#organization\",\"name\":\"JOOL Group\",\"url\":\"https:\/\/joolgroup.com\/\",\"logo\":{\"@type\":\"ImageObject\",\"inLanguage\":\"sv-SE\",\"@id\":\"https:\/\/joolgroup.com\/#\/schema\/logo\/image\/\",\"url\":\"https:\/\/joolgroup.com\/wp-content\/uploads\/2023\/05\/logo_jool_group_2021_grey_cmyk.svg\",\"contentUrl\":\"https:\/\/joolgroup.com\/wp-content\/uploads\/2023\/05\/logo_jool_group_2021_grey_cmyk.svg\",\"width\":\"1024\",\"height\":\"1024\",\"caption\":\"JOOL Group\"},\"image\":{\"@id\":\"https:\/\/joolgroup.com\/#\/schema\/logo\/image\/\"},\"sameAs\":[\"https:\/\/www.facebook.com\/joolgroup\/\",\"https:\/\/www.instagram.com\/joolgroup\/\",\"https:\/\/www.linkedin.com\/company\/jool-group\/\"]}]}<\/script>\n<!-- \/ Yoast SEO plugin. -->","yoast_head_json":{"title":"Kontakt - JOOL GROUP","robots":{"index":"index","follow":"follow","max-snippet":"max-snippet:-1","max-image-preview":"max-image-preview:large","max-video-preview":"max-video-preview:-1"},"canonical":"https:\/\/joolgroup.com\/sv\/kontakt\/","og_locale":"sv_SE","og_type":"article","og_title":"Kontakt - JOOL GROUP","og_description":"KontaktKontakta ossStorgatan 90360 50 LesseboS\u00f6dra Hamngatan 19-21 411 14 G\u00f6teborgStrandv\u00e4gen 3 114 51 Stockholm","og_url":"https:\/\/joolgroup.com\/sv\/kontakt\/","og_site_name":"JOOL GROUP","article_publisher":"https:\/\/www.facebook.com\/joolgroup\/","article_modified_time":"2021-11-21T16:35:52+00:00","og_image":[{"url":"https:\/\/joolgroup.com\/wp-content\/uploads\/2021\/11\/mailikon_v3.svg"}],"twitter_card":"summary_large_image","twitter_misc":{"Ber\u00e4knad l\u00e4stid":"4 minuter"},"schema":{"@context":"https:\/\/schema.org","@graph":[{"@type":"WebPage","@id":"https:\/\/joolgroup.com\/sv\/kontakt\/","url":"https:\/\/joolgroup.com\/sv\/kontakt\/","name":"Kontakt - JOOL GROUP","isPartOf":{"@id":"https:\/\/joolgroup.com\/#website"},"datePublished":"2021-11-18T15:05:15+00:00","dateModified":"2021-11-21T16:35:52+00:00","breadcrumb":{"@id":"https:\/\/joolgroup.com\/sv\/kontakt\/#breadcrumb"},"inLanguage":"sv-SE","potentialAction":[{"@type":"ReadAction","target":["https:\/\/joolgroup.com\/sv\/kontakt\/"]}]},{"@type":"BreadcrumbList","@id":"https:\/\/joolgroup.com\/sv\/kontakt\/#breadcrumb","itemListElement":[{"@type":"ListItem","position":1,"name":"Home","item":"https:\/\/joolgroup.com\/sv\/"},{"@type":"ListItem","position":2,"name":"Kontakt"}]},{"@type":"WebSite","@id":"https:\/\/joolgroup.com\/#website","url":"https:\/\/joolgroup.com\/","name":"JOOL GROUP","description":"Our passion is entrepreneurship","publisher":{"@id":"https:\/\/joolgroup.com\/#organization"},"potentialAction":[{"@type":"SearchAction","target":{"@type":"EntryPoint","urlTemplate":"https:\/\/joolgroup.com\/?s={search_term_string}"},"query-input":"required name=search_term_string"}],"inLanguage":"sv-SE"},{"@type":"Organization","@id":"https:\/\/joolgroup.com\/#organization","name":"JOOL Group","url":"https:\/\/joolgroup.com\/","logo":{"@type":"ImageObject","inLanguage":"sv-SE","@id":"https:\/\/joolgroup.com\/#\/schema\/logo\/image\/","url":"https:\/\/joolgroup.com\/wp-content\/uploads\/2023\/05\/logo_jool_group_2021_grey_cmyk.svg","contentUrl":"https:\/\/joolgroup.com\/wp-content\/uploads\/2023\/05\/logo_jool_group_2021_grey_cmyk.svg","width":"1024","height":"1024","caption":"JOOL Group"},"image":{"@id":"https:\/\/joolgroup.com\/#\/schema\/logo\/image\/"},"sameAs":["https:\/\/www.facebook.com\/joolgroup\/","https:\/\/www.instagram.com\/joolgroup\/","https:\/\/www.linkedin.com\/company\/jool-group\/"]}]}},"_links":{"self":[{"href":"https:\/\/joolgroup.com\/sv\/wp-json\/wp\/v2\/pages\/1542"}],"collection":[{"href":"https:\/\/joolgroup.com\/sv\/wp-json\/wp\/v2\/pages"}],"about":[{"href":"https:\/\/joolgroup.com\/sv\/wp-json\/wp\/v2\/types\/page"}],"author":[{"embeddable":true,"href":"https:\/\/joolgroup.com\/sv\/wp-json\/wp\/v2\/users\/1"}],"replies":[{"embeddable":true,"href":"https:\/\/joolgroup.com\/sv\/wp-json\/wp\/v2\/comments?post=1542"}],"version-history":[{"count":4,"href":"https:\/\/joolgroup.com\/sv\/wp-json\/wp\/v2\/pages\/1542\/revisions"}],"predecessor-version":[{"id":1547,"href":"https:\/\/joolgroup.com\/sv\/wp-json\/wp\/v2\/pages\/1542\/revisions\/1547"}],"wp:attachment":[{"href":"https:\/\/joolgroup.com\/sv\/wp-json\/wp\/v2\/media?parent=1542"}],"curies":[{"name":"wp","href":"https:\/\/api.w.org\/{rel}","templated":true}]}}