{"id":1789,"date":"2021-12-28T11:54:59","date_gmt":"2021-12-28T11:54:59","guid":{"rendered":"https:\/\/joolgroup.com\/cookie-policy\/"},"modified":"2021-12-28T12:56:21","modified_gmt":"2021-12-28T12:56:21","slug":"cookie-policy","status":"publish","type":"page","link":"https:\/\/joolgroup.com\/sv\/cookie-policy\/","title":{"rendered":"Cookie Policy"},"content":{"rendered":"<p>[et_pb_section fb_built=&#8221;1&#8243; custom_padding_last_edited=&#8221;on|tablet&#8221; _builder_version=&#8221;4.14.4&#8243; _module_preset=&#8221;default&#8221; background_color=&#8221;#a29d98&#8243; custom_padding=&#8221;||119px|||&#8221; custom_padding_tablet=&#8221;||71px||false|false&#8221; custom_padding_phone=&#8221;||81px||false|false&#8221; hover_enabled=&#8221;0&#8243; global_colors_info=&#8221;{}&#8221; sticky_enabled=&#8221;0&#8243;][et_pb_row _builder_version=&#8221;4.14.4&#8243; _module_preset=&#8221;default&#8221; global_colors_info=&#8221;{}&#8221;][et_pb_column type=&#8221;4_4&#8243; _builder_version=&#8221;4.14.4&#8243; _module_preset=&#8221;default&#8221; global_colors_info=&#8221;{}&#8221;][\/et_pb_column][\/et_pb_row][\/et_pb_section][et_pb_section fb_built=&#8221;1&#8243; _builder_version=&#8221;3.22&#8243; custom_padding=&#8221;43px|||||&#8221; global_colors_info=&#8221;{}&#8221;][et_pb_row _builder_version=&#8221;4.2.2&#8243; background_size=&#8221;initial&#8221; background_position=&#8221;top_left&#8221; background_repeat=&#8221;repeat&#8221; custom_margin=&#8221;-44px|auto||auto||&#8221; custom_padding=&#8221;50px|||||&#8221; locked=&#8221;off&#8221; global_colors_info=&#8221;{}&#8221;][et_pb_column type=&#8221;4_4&#8243; _builder_version=&#8221;3.25&#8243; custom_padding=&#8221;|||&#8221; global_colors_info=&#8221;{}&#8221; custom_padding__hover=&#8221;|||&#8221;][et_pb_text disabled_on=&#8221;off|off|off&#8221; _builder_version=&#8221;4.14.4&#8243; text_text_color=&#8221;#000000&#8243; header_font=&#8221;Cormorant Garamond||||||||&#8221; header_text_color=&#8221;#000000&#8243; header_font_size=&#8221;60px&#8221; background_layout=&#8221;dark&#8221; custom_margin=&#8221;||-10px||false|false&#8221; custom_padding=&#8221;||22px||false|false&#8221; custom_padding_last_edited=&#8221;off|desktop&#8221; text_font_size_last_edited=&#8221;off|desktop&#8221; header_font_size_tablet=&#8221;60px&#8221; header_font_size_phone=&#8221;39px&#8221; header_font_size_last_edited=&#8221;on|desktop&#8221; global_colors_info=&#8221;{}&#8221;]<\/p>\n<h1>V\u00e5r cookie policy<\/h1>\n<p>[\/et_pb_text][et_pb_divider color=&#8221;#000000&#8243; divider_position=&#8221;center&#8221; divider_weight=&#8221;1px&#8221; _builder_version=&#8221;4.14.4&#8243; width=&#8221;40%&#8221; max_width=&#8221;84%&#8221; height=&#8221;20px&#8221; global_colors_info=&#8221;{}&#8221;][\/et_pb_divider][\/et_pb_column][\/et_pb_row][et_pb_row _builder_version=&#8221;4.5.7&#8243; background_size=&#8221;initial&#8221; background_position=&#8221;top_left&#8221; background_repeat=&#8221;repeat&#8221; custom_padding=&#8221;12px|||||&#8221; global_colors_info=&#8221;{}&#8221;][et_pb_column type=&#8221;4_4&#8243; _builder_version=&#8221;3.25&#8243; custom_padding=&#8221;|||&#8221; global_colors_info=&#8221;{}&#8221; custom_padding__hover=&#8221;|||&#8221;][et_pb_text _builder_version=&#8221;4.14.4&#8243; text_font=&#8221;Inter||||||||&#8221; header_font_size=&#8221;60px&#8221; background_size=&#8221;initial&#8221; background_position=&#8221;top_left&#8221; background_repeat=&#8221;repeat&#8221; global_colors_info=&#8221;{}&#8221;]<\/p>\n<p><span>P\u00e5 denna sida ber\u00e4ttar vi vad cookies \u00e4r, hur vi anv\u00e4nder dem och vilka cookies som finns p\u00e5 denna hemsida.\u00a0Du kan n\u00e4r som helst \u00e4ndra eller ta bort ditt godk\u00e4nnande av cookies. L\u00e4ngst ner p\u00e5 denna sida finns dina cookieinst\u00e4llningar.<\/span><\/p>\n<p>&nbsp;<\/p>\n<h3>Vad \u00e4r cookies?<\/h3>\n<div>En cookie \u00e4r en liten textfil som inneh\u00e5ller data som h\u00e4mtas och lagras p\u00e5 den enhet du anv\u00e4nder f\u00f6r att komma \u00e5t v\u00e5r webbplats. Cookies har olika anv\u00e4ndaromr\u00e5den, till exempel att lagra information om dina preferenser, vilka tj\u00e4nster som tillhandah\u00e5lls f\u00f6r dig eller som ett led i att samla in information om ditt beteende. Till och fr\u00e5n efterfr\u00e5gar webbplatsen data fr\u00e5n de cookies du har lagrade p\u00e5 din dator.<\/div>\n<p>&nbsp;<\/p>\n<h3>Hur anv\u00e4nder vi cookies?<\/h3>\n<div>\n<div>\n<p class=\"p1\">Hemsidan anv\u00e4nder tv\u00e5 typer av cookies. N\u00f6dv\u00e4ndiga cookies beh\u00f6vs f\u00f6r att hemsidan ska fungera och lagrar ingen personlig data. Ej n\u00f6dv\u00e4ndiga cookies s\u00e5som analys, funktionella- och marknadsf\u00f6ringscookies, anv\u00e4nds f\u00f6r att f\u00f6rst\u00e5 hur hemsidan presterar, hur du interagerar och hj\u00e4lper dig att f\u00e5 en b\u00e4ttre anv\u00e4ndarupplevelse. Dessa h\u00e5ller exempelvis reda p\u00e5 om du har skrivit i ett onlineformul\u00e4r.<\/p>\n<p class=\"p1\"><span style=\"color: #333333; font-family: 'Cormorant Garamond'; font-size: 22px;\"><\/span><\/p>\n<p class=\"p1\"><span style=\"color: #333333; font-family: 'Cormorant Garamond'; font-size: 22px;\">Ditt samtycke<\/span><\/p>\n<\/div>\n<\/div>\n<p>Utg\u00e5ngspunkten \u00e4r att vi inh\u00e4mtar ditt samtycke innan vi h\u00e4mtar eller lagrar cookies. D\u00e4remot inh\u00e4mtar vi inte ditt samtycke n\u00e4r cookies endast anv\u00e4nds f\u00f6r att h\u00e5lla reda p\u00e5 dina inmatade uppgifter.<\/p>\n<p class=\"p1\">Vi samlar inte in personuppgifter genom de cookies vi anv\u00e4nder. I de fall hemsidan b\u00f6rjar anv\u00e4nda andra former av cookies som samlar in personuppgifter om dig kommer vi inte att l\u00e4mna ut personuppgifterna till annan part. Du kommer ocks\u00e5 att informeras om anv\u00e4ndning av nya cookies och ges m\u00f6jligheten att samtycka till lagring innan de b\u00f6rjar lagras hos dig.<\/p>\n<p>&nbsp;<\/p>\n<h3>Vilka cookies anv\u00e4nder vi?<\/h3>\n<div class=\"et_pb_module et_pb_text et_pb_text_1  et_pb_text_align_left et_pb_bg_layout_light\">\n<div class=\"et_pb_text_inner\">\n<div>\n<p>Nedan \u00e4r en lista p\u00e5 vilka cookies som finns p\u00e5 denna hemsida.<\/p>\n<\/div>\n<\/div>\n<\/div>\n<div class=\"et_pb_module et_pb_text et_pb_text_2  et_pb_text_align_left et_pb_bg_layout_light\">\n<div class=\"et_pb_text_inner\"><\/div>\n<\/div>\n<div class=\"et_pb_module et_pb_text et_pb_text_2  et_pb_text_align_left et_pb_bg_layout_light\">\n<div class=\"et_pb_text_inner\"><\/div>\n<\/div>\n<p>[\/et_pb_text][et_pb_text _builder_version=&#8221;4.14.4&#8243; _module_preset=&#8221;default&#8221; text_font=&#8221;Inter||||||||&#8221; header_5_font=&#8221;Cormorant Garamond||||||||&#8221; header_5_font_size=&#8221;23px&#8221; global_colors_info=&#8221;{}&#8221;]<\/p>\n<p>&nbsp;<\/p>\n<div><table class=\"wt-cli-element cookielawinfo-classic cookielawinfo-row-cat-table\"><thead><tr><th scope=\"col\" class=\"cookielawinfo-column-1\">Cookie<\/th><th scope=\"col\" class=\"cookielawinfo-column-4\">Beskrivning<\/th><\/thead><tbody><tr class=\"cookielawinfo-row-cat-title\"><th colspan=\"2\" class=\"cookielawinfo-row-cat-title-head\">N\u00f6dv\u00e4ndiga<\/th><\/tr><tr class=\"cookielawinfo-row\"><td class=\"cookielawinfo-column-1\">cookielawinfo-checkbox-advertisement<\/td><td class=\"cookielawinfo-column-4\">Denna cookie lagrar om en bes\u00f6kare har accepterat cookies i kategorin \"marknadsf\u00f6ring\".<\/td><\/tr><tr class=\"cookielawinfo-row\"><td class=\"cookielawinfo-column-1\">cookielawinfo-checkbox-analytics<\/td><td class=\"cookielawinfo-column-4\">Denna cookie lagrar om en bes\u00f6kare har accepterat cookies i kategorin \"analys\".<\/td><\/tr><tr class=\"cookielawinfo-row\"><td class=\"cookielawinfo-column-1\">cookielawinfo-checkbox-performance<\/td><td class=\"cookielawinfo-column-4\">Denna cookie lagrar om en bes\u00f6kare har accepterat cookies i kategorin \"prestanda\".<\/td><\/tr><tr class=\"cookielawinfo-row\"><td class=\"cookielawinfo-column-1\">cookielawinfo-checkbox-functional<\/td><td class=\"cookielawinfo-column-4\">Denna cookie lagrar om en bes\u00f6kare har accepterat cookies i kategorin \"funktionella\".<\/td><\/tr><tr class=\"cookielawinfo-row\"><td class=\"cookielawinfo-column-1\">cookielawinfo-checkbox-necessary<\/td><td class=\"cookielawinfo-column-4\">Denna cookie lagrar om en bes\u00f6kare har accepterat cookies i kategorin \"n\u00f6dv\u00e4ndiga cookies\".<\/td><\/tr><tr class=\"cookielawinfo-row\"><td class=\"cookielawinfo-column-1\">viewed_cookie_policy<\/td><td class=\"cookielawinfo-column-4\">Denna cookie anv\u00e4nds f\u00f6r att lagra om en bes\u00f6kare har accepterat cookies och lagrar ej personlig information.<\/td><\/tr><tr class=\"cookielawinfo-row-cat-title\"><th colspan=\"2\" class=\"cookielawinfo-row-cat-title-head\">Analys<\/th><\/tr><tr class=\"cookielawinfo-row\"><td class=\"cookielawinfo-column-1\">_gat_gtag_UA_26305887_20<\/td><td class=\"cookielawinfo-column-4\">Google anv\u00e4nder denna cookie f\u00f6r att skilja p\u00e5 bes\u00f6kare.<\/td><\/tr><tr class=\"cookielawinfo-row\"><td class=\"cookielawinfo-column-1\">_gid<\/td><td class=\"cookielawinfo-column-4\">Denna cookie \u00e4r installerad av Google Analytics. Cookien anv\u00e4nds f\u00f6r att lagra information om hur bes\u00f6kare anv\u00e4nder hemsidan och generar en rapport om hemsidans trafik. Datan inkluderar antal bes\u00f6kare, vart bes\u00f6karna befinner sig och vilka sidor som har bes\u00f6kts. All data \u00e4r anonym.<\/td><\/tr><tr class=\"cookielawinfo-row\"><td class=\"cookielawinfo-column-1\">_ga<\/td><td class=\"cookielawinfo-column-4\">Denna cookie \u00e4r installerad av Google Analytics och anv\u00e4nds f\u00f6r att r\u00e4kna antal bes\u00f6kare, sessioner, kampanjdata och genererar en Google Analytics rapport. Informationen lagras anonymt och en slumpm\u00e4ssig siffra anges f\u00f6r att identifiera unika bes\u00f6kare.<\/td><\/tr><\/tbody><\/table><\/div>\n<p>&nbsp;<\/p>\n<h5 class=\"cli_cookie_category_single_hd\">N\u00f6dv\u00e4ndiga<\/h5>\n<p>N\u00f6dv\u00e4ndiga cookies beh\u00f6vs f\u00f6r att hemsidan ska fungera. Dessa cookies lagrar ingen personlig information.<\/p>\n<h5 class=\"cli_cookie_category_single_hd\">Analys<\/h5>\n<p>Analyscookies anv\u00e4nds f\u00f6r att f\u00f6rst\u00e5 hur du navigerar p\u00e5 hemsidan. De samlar information om t.ex. antal bes\u00f6kare, hur l\u00e4nge du \u00e4r p\u00e5 sidan och hur mycket trafik sidan f\u00e5r.<\/p>\n<p>[\/et_pb_text][\/et_pb_column][\/et_pb_row][et_pb_row _builder_version=&#8221;4.5.7&#8243; _module_preset=&#8221;default&#8221; custom_padding=&#8221;||40px||false|false&#8221; global_colors_info=&#8221;{}&#8221;][et_pb_column type=&#8221;4_4&#8243; _builder_version=&#8221;4.5.7&#8243; _module_preset=&#8221;default&#8221; global_colors_info=&#8221;{}&#8221;][et_pb_text _builder_version=&#8221;4.14.4&#8243; _module_preset=&#8221;default&#8221; text_font=&#8221;Inter||||||||&#8221; header_3_line_height_tablet=&#8221;&#8221; header_3_line_height_phone=&#8221;1.2em&#8221; header_3_line_height_last_edited=&#8221;on|phone&#8221; global_colors_info=&#8221;{}&#8221;]<\/p>\n<h3>Hur kan jag \u00e4ndra mina cookieinst\u00e4llningar?<\/h3>\n<div class=\"et_pb_module et_pb_text et_pb_text_3  et_pb_text_align_left et_pb_bg_layout_light\">\n<div class=\"et_pb_text_inner\">\n<div>Genom att klicka p\u00e5 cookieinst\u00e4llningar kan du n\u00e4r som helst v\u00e4lja vilka cookies du vill att vi ska lagra. L\u00e4s mer om cookies p\u00e5 www.allaboutcookies.org.<\/div>\n<\/div>\n<\/div>\n<p>[\/et_pb_text][et_pb_text _builder_version=&#8221;4.14.4&#8243; _module_preset=&#8221;default&#8221; text_font=&#8221;|||on|||||&#8221; text_orientation=&#8221;center&#8221; width=&#8221;36%&#8221; width_tablet=&#8221;36%&#8221; width_phone=&#8221;87%&#8221; width_last_edited=&#8221;on|phone&#8221; module_alignment=&#8221;left&#8221; min_height=&#8221;46px&#8221; custom_padding=&#8221;10px||10px||true|false&#8221; border_width_all=&#8221;2px&#8221; border_color_all=&#8221;#000000&#8243; global_colors_info=&#8221;{}&#8221;]<\/p>\n<p><strong><a id=\"wt-cli-settings-btn\" tabindex=\"0\" role='button' style=\"border-bottom:1px solid; text-decoration:none;\" class=\"wt-cli-element medium cli-plugin-button cli-plugin-main-button cli_settings_button\" >Cookieinst\u00e4llningar<\/a><\/strong><\/p>\n<p>[\/et_pb_text][\/et_pb_column][\/et_pb_row][\/et_pb_section]<\/p>\n","protected":false},"excerpt":{"rendered":"<p>V\u00e5r cookie policyP\u00e5 denna sida ber\u00e4ttar vi vad cookies \u00e4r, hur vi anv\u00e4nder dem och vilka cookies som finns p\u00e5 denna hemsida.\u00a0Du kan n\u00e4r som helst \u00e4ndra eller ta bort ditt godk\u00e4nnande av cookies. L\u00e4ngst ner p\u00e5 denna sida finns dina cookieinst\u00e4llningar. &nbsp; Vad \u00e4r cookies? En cookie \u00e4r en liten textfil som inneh\u00e5ller data [&hellip;]<\/p>\n","protected":false},"author":1,"featured_media":0,"parent":0,"menu_order":0,"comment_status":"closed","ping_status":"closed","template":"","meta":{"_et_pb_use_builder":"on","_et_pb_old_content":"","_et_gb_content_width":"","inline_featured_image":false},"yoast_head":"<!-- This site is optimized with the Yoast SEO plugin v20.5 - https:\/\/yoast.com\/wordpress\/plugins\/seo\/ -->\n<title>Cookie Policy - JOOL GROUP<\/title>\n<meta name=\"robots\" content=\"index, follow, max-snippet:-1, max-image-preview:large, max-video-preview:-1\" \/>\n<link rel=\"canonical\" href=\"https:\/\/joolgroup.com\/sv\/cookie-policy\/\" \/>\n<meta property=\"og:locale\" content=\"sv_SE\" \/>\n<meta property=\"og:type\" content=\"article\" \/>\n<meta property=\"og:title\" content=\"Cookie Policy - JOOL GROUP\" \/>\n<meta property=\"og:description\" content=\"V\u00e5r cookie policyP\u00e5 denna sida ber\u00e4ttar vi vad cookies \u00e4r, hur vi anv\u00e4nder dem och vilka cookies som finns p\u00e5 denna hemsida.\u00a0Du kan n\u00e4r som helst \u00e4ndra eller ta bort ditt godk\u00e4nnande av cookies. L\u00e4ngst ner p\u00e5 denna sida finns dina cookieinst\u00e4llningar. &nbsp; Vad \u00e4r cookies? En cookie \u00e4r en liten textfil som inneh\u00e5ller data [&hellip;]\" \/>\n<meta property=\"og:url\" content=\"https:\/\/joolgroup.com\/sv\/cookie-policy\/\" \/>\n<meta property=\"og:site_name\" content=\"JOOL GROUP\" \/>\n<meta property=\"article:publisher\" content=\"https:\/\/www.facebook.com\/joolgroup\/\" \/>\n<meta property=\"article:modified_time\" content=\"2021-12-28T12:56:21+00:00\" \/>\n<meta name=\"twitter:card\" content=\"summary_large_image\" \/>\n<meta name=\"twitter:label1\" content=\"Ber\u00e4knad l\u00e4stid\" \/>\n\t<meta name=\"twitter:data1\" content=\"4 minuter\" \/>\n<script type=\"application\/ld+json\" class=\"yoast-schema-graph\">{\"@context\":\"https:\/\/schema.org\",\"@graph\":[{\"@type\":\"WebPage\",\"@id\":\"https:\/\/joolgroup.com\/sv\/cookie-policy\/\",\"url\":\"https:\/\/joolgroup.com\/sv\/cookie-policy\/\",\"name\":\"Cookie Policy - JOOL GROUP\",\"isPartOf\":{\"@id\":\"https:\/\/joolgroup.com\/#website\"},\"datePublished\":\"2021-12-28T11:54:59+00:00\",\"dateModified\":\"2021-12-28T12:56:21+00:00\",\"breadcrumb\":{\"@id\":\"https:\/\/joolgroup.com\/sv\/cookie-policy\/#breadcrumb\"},\"inLanguage\":\"sv-SE\",\"potentialAction\":[{\"@type\":\"ReadAction\",\"target\":[\"https:\/\/joolgroup.com\/sv\/cookie-policy\/\"]}]},{\"@type\":\"BreadcrumbList\",\"@id\":\"https:\/\/joolgroup.com\/sv\/cookie-policy\/#breadcrumb\",\"itemListElement\":[{\"@type\":\"ListItem\",\"position\":1,\"name\":\"Home\",\"item\":\"https:\/\/joolgroup.com\/sv\/\"},{\"@type\":\"ListItem\",\"position\":2,\"name\":\"Cookie Policy\"}]},{\"@type\":\"WebSite\",\"@id\":\"https:\/\/joolgroup.com\/#website\",\"url\":\"https:\/\/joolgroup.com\/\",\"name\":\"JOOL GROUP\",\"description\":\"Our passion is entrepreneurship\",\"publisher\":{\"@id\":\"https:\/\/joolgroup.com\/#organization\"},\"potentialAction\":[{\"@type\":\"SearchAction\",\"target\":{\"@type\":\"EntryPoint\",\"urlTemplate\":\"https:\/\/joolgroup.com\/?s={search_term_string}\"},\"query-input\":\"required name=search_term_string\"}],\"inLanguage\":\"sv-SE\"},{\"@type\":\"Organization\",\"@id\":\"https:\/\/joolgroup.com\/#organization\",\"name\":\"JOOL Group\",\"url\":\"https:\/\/joolgroup.com\/\",\"logo\":{\"@type\":\"ImageObject\",\"inLanguage\":\"sv-SE\",\"@id\":\"https:\/\/joolgroup.com\/#\/schema\/logo\/image\/\",\"url\":\"https:\/\/joolgroup.com\/wp-content\/uploads\/2023\/05\/logo_jool_group_2021_grey_cmyk.svg\",\"contentUrl\":\"https:\/\/joolgroup.com\/wp-content\/uploads\/2023\/05\/logo_jool_group_2021_grey_cmyk.svg\",\"width\":\"1024\",\"height\":\"1024\",\"caption\":\"JOOL Group\"},\"image\":{\"@id\":\"https:\/\/joolgroup.com\/#\/schema\/logo\/image\/\"},\"sameAs\":[\"https:\/\/www.facebook.com\/joolgroup\/\",\"https:\/\/www.instagram.com\/joolgroup\/\",\"https:\/\/www.linkedin.com\/company\/jool-group\/\"]}]}<\/script>\n<!-- \/ Yoast SEO plugin. -->","yoast_head_json":{"title":"Cookie Policy - JOOL GROUP","robots":{"index":"index","follow":"follow","max-snippet":"max-snippet:-1","max-image-preview":"max-image-preview:large","max-video-preview":"max-video-preview:-1"},"canonical":"https:\/\/joolgroup.com\/sv\/cookie-policy\/","og_locale":"sv_SE","og_type":"article","og_title":"Cookie Policy - JOOL GROUP","og_description":"V\u00e5r cookie policyP\u00e5 denna sida ber\u00e4ttar vi vad cookies \u00e4r, hur vi anv\u00e4nder dem och vilka cookies som finns p\u00e5 denna hemsida.\u00a0Du kan n\u00e4r som helst \u00e4ndra eller ta bort ditt godk\u00e4nnande av cookies. L\u00e4ngst ner p\u00e5 denna sida finns dina cookieinst\u00e4llningar. &nbsp; Vad \u00e4r cookies? En cookie \u00e4r en liten textfil som inneh\u00e5ller data [&hellip;]","og_url":"https:\/\/joolgroup.com\/sv\/cookie-policy\/","og_site_name":"JOOL GROUP","article_publisher":"https:\/\/www.facebook.com\/joolgroup\/","article_modified_time":"2021-12-28T12:56:21+00:00","twitter_card":"summary_large_image","twitter_misc":{"Ber\u00e4knad l\u00e4stid":"4 minuter"},"schema":{"@context":"https:\/\/schema.org","@graph":[{"@type":"WebPage","@id":"https:\/\/joolgroup.com\/sv\/cookie-policy\/","url":"https:\/\/joolgroup.com\/sv\/cookie-policy\/","name":"Cookie Policy - JOOL GROUP","isPartOf":{"@id":"https:\/\/joolgroup.com\/#website"},"datePublished":"2021-12-28T11:54:59+00:00","dateModified":"2021-12-28T12:56:21+00:00","breadcrumb":{"@id":"https:\/\/joolgroup.com\/sv\/cookie-policy\/#breadcrumb"},"inLanguage":"sv-SE","potentialAction":[{"@type":"ReadAction","target":["https:\/\/joolgroup.com\/sv\/cookie-policy\/"]}]},{"@type":"BreadcrumbList","@id":"https:\/\/joolgroup.com\/sv\/cookie-policy\/#breadcrumb","itemListElement":[{"@type":"ListItem","position":1,"name":"Home","item":"https:\/\/joolgroup.com\/sv\/"},{"@type":"ListItem","position":2,"name":"Cookie Policy"}]},{"@type":"WebSite","@id":"https:\/\/joolgroup.com\/#website","url":"https:\/\/joolgroup.com\/","name":"JOOL GROUP","description":"Our passion is entrepreneurship","publisher":{"@id":"https:\/\/joolgroup.com\/#organization"},"potentialAction":[{"@type":"SearchAction","target":{"@type":"EntryPoint","urlTemplate":"https:\/\/joolgroup.com\/?s={search_term_string}"},"query-input":"required name=search_term_string"}],"inLanguage":"sv-SE"},{"@type":"Organization","@id":"https:\/\/joolgroup.com\/#organization","name":"JOOL Group","url":"https:\/\/joolgroup.com\/","logo":{"@type":"ImageObject","inLanguage":"sv-SE","@id":"https:\/\/joolgroup.com\/#\/schema\/logo\/image\/","url":"https:\/\/joolgroup.com\/wp-content\/uploads\/2023\/05\/logo_jool_group_2021_grey_cmyk.svg","contentUrl":"https:\/\/joolgroup.com\/wp-content\/uploads\/2023\/05\/logo_jool_group_2021_grey_cmyk.svg","width":"1024","height":"1024","caption":"JOOL Group"},"image":{"@id":"https:\/\/joolgroup.com\/#\/schema\/logo\/image\/"},"sameAs":["https:\/\/www.facebook.com\/joolgroup\/","https:\/\/www.instagram.com\/joolgroup\/","https:\/\/www.linkedin.com\/company\/jool-group\/"]}]}},"_links":{"self":[{"href":"https:\/\/joolgroup.com\/sv\/wp-json\/wp\/v2\/pages\/1789"}],"collection":[{"href":"https:\/\/joolgroup.com\/sv\/wp-json\/wp\/v2\/pages"}],"about":[{"href":"https:\/\/joolgroup.com\/sv\/wp-json\/wp\/v2\/types\/page"}],"author":[{"embeddable":true,"href":"https:\/\/joolgroup.com\/sv\/wp-json\/wp\/v2\/users\/1"}],"replies":[{"embeddable":true,"href":"https:\/\/joolgroup.com\/sv\/wp-json\/wp\/v2\/comments?post=1789"}],"version-history":[{"count":8,"href":"https:\/\/joolgroup.com\/sv\/wp-json\/wp\/v2\/pages\/1789\/revisions"}],"predecessor-version":[{"id":1814,"href":"https:\/\/joolgroup.com\/sv\/wp-json\/wp\/v2\/pages\/1789\/revisions\/1814"}],"wp:attachment":[{"href":"https:\/\/joolgroup.com\/sv\/wp-json\/wp\/v2\/media?parent=1789"}],"curies":[{"name":"wp","href":"https:\/\/api.w.org\/{rel}","templated":true}]}}