{"id":2424,"date":"2023-05-03T08:34:47","date_gmt":"2023-05-03T08:34:47","guid":{"rendered":"https:\/\/joolgroup.com\/pegroco-invest\/"},"modified":"2025-07-11T11:04:15","modified_gmt":"2025-07-11T11:04:15","slug":"navigo-invest","status":"publish","type":"page","link":"https:\/\/joolgroup.com\/sv\/navigo-invest\/","title":{"rendered":"Navigo Invest"},"content":{"rendered":"<p>[et_pb_section fb_built=&#8221;1&#8243; custom_padding_last_edited=&#8221;on|phone&#8221; _builder_version=&#8221;4.19.5&#8243; background_enable_color=&#8221;off&#8221; use_background_color_gradient=&#8221;on&#8221; background_color_gradient_direction=&#8221;293deg&#8221; background_color_gradient_stops=&#8221;rgba(0,9,10,0.22) 100%|#29c4a9 100%&#8221; background_color_gradient_overlays_image=&#8221;on&#8221; background_image=&#8221;https:\/\/joolgroup.com\/wp-content\/uploads\/2023\/05\/Nordisk-Bergteknik_reducerad_ma\u0308ttnad-kopiera.jpeg&#8221; min_height=&#8221;730.9px&#8221; custom_padding=&#8221;145px||145px||true|false&#8221; custom_padding_tablet=&#8221;&#8221; custom_padding_phone=&#8221;98px||98px||true|false&#8221; filter_saturate=&#8221;0%&#8221; locked=&#8221;off&#8221; global_colors_info=&#8221;{}&#8221;][et_pb_row custom_padding_last_edited=&#8221;off|desktop&#8221; _builder_version=&#8221;4.21.0&#8243; background_size=&#8221;initial&#8221; background_position=&#8221;top_left&#8221; background_repeat=&#8221;repeat&#8221; positioning=&#8221;absolute&#8221; position_origin_a=&#8221;center_center&#8221; custom_margin=&#8221;|auto||auto|false|false&#8221; custom_padding=&#8221;|0px||0px|false|false&#8221; global_colors_info=&#8221;{}&#8221;][et_pb_column type=&#8221;4_4&#8243; _builder_version=&#8221;4.16&#8243; custom_padding=&#8221;|||&#8221; global_colors_info=&#8221;{}&#8221; custom_padding__hover=&#8221;|||&#8221;][et_pb_image src=&#8221;https:\/\/joolgroup.com\/wp-content\/uploads\/2023\/06\/Navigo_Invest.svg&#8221; title_text=&#8221;Navigo_Invest&#8221; align=&#8221;center&#8221; align_tablet=&#8221;center&#8221; align_phone=&#8221;&#8221; align_last_edited=&#8221;on|desktop&#8221; _builder_version=&#8221;4.21.0&#8243; width_tablet=&#8221;&#8221; width_phone=&#8221;100%&#8221; width_last_edited=&#8221;on|phone&#8221; max_width=&#8221;57.2%&#8221; max_width_tablet=&#8221;&#8221; max_width_phone=&#8221;88.9%&#8221; max_width_last_edited=&#8221;on|phone&#8221; module_alignment=&#8221;center&#8221; custom_margin_phone=&#8221;31px||||false|false&#8221; custom_margin_last_edited=&#8221;off|desktop&#8221; custom_padding=&#8221;||||false|false&#8221; filter_brightness=&#8221;0%&#8221; filter_invert=&#8221;100%&#8221; animation_style=&#8221;fade&#8221; global_colors_info=&#8221;{}&#8221;]<br \/>\n[\/et_pb_image][\/et_pb_column][\/et_pb_row][\/et_pb_section][et_pb_section fb_built=&#8221;1&#8243; _builder_version=&#8221;4.16&#8243; custom_padding=&#8221;50px|0|96px|0px|false|false&#8221; global_colors_info=&#8221;{}&#8221;][et_pb_row column_structure=&#8221;3_5,2_5&#8243; make_equal=&#8221;on&#8221; _builder_version=&#8221;4.16&#8243; custom_padding=&#8221;||32px|||&#8221; global_colors_info=&#8221;{}&#8221;][et_pb_column type=&#8221;3_5&#8243; _builder_version=&#8221;4.16&#8243; custom_padding=&#8221;|||&#8221; global_colors_info=&#8221;{}&#8221; custom_padding__hover=&#8221;|||&#8221;][et_pb_text disabled_on=&#8221;off|off|off&#8221; _builder_version=&#8221;4.21.0&#8243; text_font=&#8221;Inter|300|||||||&#8221; text_font_size=&#8221;16px&#8221; text_line_height=&#8221;1.5em&#8221; header_font=&#8221;Cormorant Garamond|600|||||||&#8221; header_font_size=&#8221;36px&#8221; custom_padding=&#8221;|23px||||&#8221; global_colors_info=&#8221;{}&#8221;]<\/p>\n<h1>Navigo Invest<\/h1>\n<div class=\"page\" title=\"Page 33\">\n<div class=\"section\">\n<div class=\"layoutArea\">\n<div class=\"column\">\n<p class=\"p1\">Navigo \u00e4r ett investmentbolag med fokus p\u00e5 mindre och medelstora f\u00f6retag samt l\u00e5ngsiktigt v\u00e4rdeskapande. Investeringarna \u00e4r f\u00f6retr\u00e4desvis i onoterade bolag i Sverige. Innehavsportf\u00f6ljen \u00e4r branschoberoende och diversifieras \u00f6ver flera verksamhetsomr\u00e5den, vilket bed\u00f6ms ge b\u00e4sta avkastningen \u00f6ver tid f\u00f6r Navigos aktie\u00e4gare.<\/p>\n<p class=\"p1\">Bolagets grundl\u00e4ggande v\u00e4rdeskapande strategi \u00e4r att etablera navbolag och runt dessa bygga upp koncerner genom kompletterande f\u00f6rv\u00e4rv. Navigo l\u00e4gger stor vikt vid entrepren\u00f6rens och nyckelpersonernas roll i de verksamheter man investerar i. Investeringsid\u00e9n \u00e4r att kombinera sin industriella och finansiella erfarenhet, vana vid bolagstransaktioner samt sitt starka aff\u00e4rsn\u00e4tverk, med bolagens entrepren\u00f6rer och ledningar, dess aff\u00e4rsid\u00e9er samt drivkraft, f\u00f6r att tillsammans bygga ytterligare v\u00e4rde.<\/p>\n<\/div>\n<\/div>\n<\/div>\n<\/div>\n<p>[\/et_pb_text][et_pb_text disabled_on=&#8221;off|off|off&#8221; _builder_version=&#8221;4.19.5&#8243; text_font=&#8221;Cormorant Garamond||on||||||&#8221; text_text_color=&#8221;#b5a682&#8243; text_font_size=&#8221;28px&#8221; text_line_height=&#8221;1.3em&#8221; header_font=&#8221;Cormorant Garamond||||||||&#8221; header_font_size=&#8221;36px&#8221; custom_margin=&#8221;47px||46px|||&#8221; custom_padding=&#8221;|48px||||&#8221; custom_padding_tablet=&#8221;&#8221; custom_padding_phone=&#8221;|45px|||false|false&#8221; custom_padding_last_edited=&#8221;on|phone&#8221; global_colors_info=&#8221;{}&#8221;]<\/p>\n<div class=\"page\" title=\"Page 33\">\n<div class=\"section\">\n<div class=\"layoutArea\">\n<div class=\"column\">\n<p class=\"p1\"><i>Vi forts\u00e4tter att synligg\u00f6ra v\u00e4rden i v\u00e5r portf\u00f6lj genom renodling, samtidigt som vi f\u00f6rst\u00e4rker v\u00e5r strategiska inriktning genom att etablera nya navbolag.<\/i><\/p>\n<\/div>\n<\/div>\n<\/div>\n<\/div>\n<p>[\/et_pb_text][\/et_pb_column][et_pb_column type=&#8221;2_5&#8243; _builder_version=&#8221;4.16&#8243; background_enable_color=&#8221;off&#8221; custom_padding=&#8221;||20px|20px|false|false&#8221; border_width_left=&#8221;1px&#8221; border_color_left=&#8221;#000000&#8243; global_colors_info=&#8221;{}&#8221; custom_padding__hover=&#8221;|||&#8221;][et_pb_image src=&#8221;https:\/\/joolgroup.com\/wp-content\/uploads\/2024\/07\/Navigo_Faktaruta_Sv.png&#8221; title_text=&#8221;Navigo_Faktaruta_Sv&#8221; _builder_version=&#8221;4.25.0&#8243; _module_preset=&#8221;default&#8221; width=&#8221;69%&#8221; custom_margin=&#8221;|||20px|false|false&#8221; global_colors_info=&#8221;{}&#8221;][\/et_pb_image][et_pb_text _builder_version=&#8221;4.27.4&#8243; header_font=&#8221;||||||||&#8221; header_text_color=&#8221;#000000&#8243; header_4_font=&#8221;Inter|300|||||||&#8221; header_4_text_color=&#8221;#000000&#8243; header_4_line_height=&#8221;1.5em&#8221; background_layout=&#8221;dark&#8221; custom_padding=&#8221;|20px||20px&#8221; hover_enabled=&#8221;0&#8243; locked=&#8221;off&#8221; global_colors_info=&#8221;{}&#8221; sticky_enabled=&#8221;0&#8243;]<\/p>\n<h4><span style=\"color: #b5a682;\"><strong>FAKTA<\/strong><\/span><\/h4>\n<h4>Int\u00e4kter: 607 MSEK (2024)<\/h4>\n<h4>Antal anst\u00e4llda: 263 (inkl Navbolag)<\/h4>\n<h4>S\u00e4te: Gothenburg<\/h4>\n<h4>Revisor: KPMG<\/h4>\n<h4>Grundat: 2006<\/h4>\n<h4>Del av JOOL-gruppen sedan: 2023<\/h4>\n<p>[\/et_pb_text][et_pb_button button_url=&#8221;http:\/\/navigoinvest.com\/&#8221; button_text=&#8221;Hemsida&#8221; _builder_version=&#8221;4.21.0&#8243; custom_button=&#8221;on&#8221; button_text_size=&#8221;14px&#8221; button_text_color=&#8221;#000000&#8243; button_border_width=&#8221;1px&#8221; button_border_color=&#8221;#000000&#8243; button_border_radius=&#8221;0px&#8221; button_letter_spacing=&#8221;0px&#8221; button_font=&#8221;Inter||||||||&#8221; button_use_icon=&#8221;off&#8221; custom_margin=&#8221;-10px||22px|20px||&#8221; custom_padding=&#8221;||&#8221; global_colors_info=&#8221;{}&#8221; button_text_color__hover_enabled=&#8221;on&#8221; button_text_color__hover=&#8221;#777777&#8243; button_border_color__hover_enabled=&#8221;on&#8221; button_border_color__hover=&#8221;#777777&#8243;]<br \/>\n[\/et_pb_button][\/et_pb_column][\/et_pb_row][\/et_pb_section]<\/p>\n","protected":false},"excerpt":{"rendered":"<p>Navigo Invest Navigo \u00e4r ett investmentbolag med fokus p\u00e5 mindre och medelstora f\u00f6retag samt l\u00e5ngsiktigt v\u00e4rdeskapande. Investeringarna \u00e4r f\u00f6retr\u00e4desvis i onoterade bolag i Sverige. Innehavsportf\u00f6ljen \u00e4r branschoberoende och diversifieras \u00f6ver flera verksamhetsomr\u00e5den, vilket bed\u00f6ms ge b\u00e4sta avkastningen \u00f6ver tid f\u00f6r Navigos aktie\u00e4gare. Bolagets grundl\u00e4ggande v\u00e4rdeskapande strategi \u00e4r att etablera navbolag och runt dessa bygga upp [&hellip;]<\/p>\n","protected":false},"author":1,"featured_media":0,"parent":0,"menu_order":0,"comment_status":"closed","ping_status":"closed","template":"","meta":{"_et_pb_use_builder":"on","_et_pb_old_content":"","_et_gb_content_width":"","inline_featured_image":false},"yoast_head":"<!-- This site is optimized with the Yoast SEO plugin v20.5 - https:\/\/yoast.com\/wordpress\/plugins\/seo\/ -->\n<title>Navigo Invest - JOOL GROUP<\/title>\n<meta name=\"description\" content=\"Navigo Invest \u00e4r ett investmentbolag med fokus p\u00e5 mindre och medelstora f\u00f6retag samt l\u00e5ngsiktigt v\u00e4rdeskapande.\" \/>\n<meta name=\"robots\" content=\"index, follow, max-snippet:-1, max-image-preview:large, max-video-preview:-1\" \/>\n<link rel=\"canonical\" href=\"https:\/\/joolgroup.com\/sv\/navigo-invest\/\" \/>\n<meta property=\"og:locale\" content=\"sv_SE\" \/>\n<meta property=\"og:type\" content=\"article\" \/>\n<meta property=\"og:title\" content=\"Navigo Invest - JOOL GROUP\" \/>\n<meta property=\"og:description\" content=\"Navigo Invest \u00e4r ett investmentbolag med fokus p\u00e5 mindre och medelstora f\u00f6retag samt l\u00e5ngsiktigt v\u00e4rdeskapande.\" \/>\n<meta property=\"og:url\" content=\"https:\/\/joolgroup.com\/sv\/navigo-invest\/\" \/>\n<meta property=\"og:site_name\" content=\"JOOL GROUP\" \/>\n<meta property=\"article:publisher\" content=\"https:\/\/www.facebook.com\/joolgroup\/\" \/>\n<meta property=\"article:modified_time\" content=\"2025-07-11T11:04:15+00:00\" \/>\n<meta name=\"twitter:card\" content=\"summary_large_image\" \/>\n<meta name=\"twitter:label1\" content=\"Ber\u00e4knad l\u00e4stid\" \/>\n\t<meta name=\"twitter:data1\" content=\"2 minuter\" \/>\n<script type=\"application\/ld+json\" class=\"yoast-schema-graph\">{\"@context\":\"https:\/\/schema.org\",\"@graph\":[{\"@type\":\"WebPage\",\"@id\":\"https:\/\/joolgroup.com\/sv\/navigo-invest\/\",\"url\":\"https:\/\/joolgroup.com\/sv\/navigo-invest\/\",\"name\":\"Navigo Invest - JOOL GROUP\",\"isPartOf\":{\"@id\":\"https:\/\/joolgroup.com\/#website\"},\"datePublished\":\"2023-05-03T08:34:47+00:00\",\"dateModified\":\"2025-07-11T11:04:15+00:00\",\"description\":\"Navigo Invest \u00e4r ett investmentbolag med fokus p\u00e5 mindre och medelstora f\u00f6retag samt l\u00e5ngsiktigt v\u00e4rdeskapande.\",\"breadcrumb\":{\"@id\":\"https:\/\/joolgroup.com\/sv\/navigo-invest\/#breadcrumb\"},\"inLanguage\":\"sv-SE\",\"potentialAction\":[{\"@type\":\"ReadAction\",\"target\":[\"https:\/\/joolgroup.com\/sv\/navigo-invest\/\"]}]},{\"@type\":\"BreadcrumbList\",\"@id\":\"https:\/\/joolgroup.com\/sv\/navigo-invest\/#breadcrumb\",\"itemListElement\":[{\"@type\":\"ListItem\",\"position\":1,\"name\":\"Home\",\"item\":\"https:\/\/joolgroup.com\/sv\/\"},{\"@type\":\"ListItem\",\"position\":2,\"name\":\"Navigo Invest\"}]},{\"@type\":\"WebSite\",\"@id\":\"https:\/\/joolgroup.com\/#website\",\"url\":\"https:\/\/joolgroup.com\/\",\"name\":\"JOOL GROUP\",\"description\":\"Our passion is entrepreneurship\",\"publisher\":{\"@id\":\"https:\/\/joolgroup.com\/#organization\"},\"potentialAction\":[{\"@type\":\"SearchAction\",\"target\":{\"@type\":\"EntryPoint\",\"urlTemplate\":\"https:\/\/joolgroup.com\/?s={search_term_string}\"},\"query-input\":\"required name=search_term_string\"}],\"inLanguage\":\"sv-SE\"},{\"@type\":\"Organization\",\"@id\":\"https:\/\/joolgroup.com\/#organization\",\"name\":\"JOOL Group\",\"url\":\"https:\/\/joolgroup.com\/\",\"logo\":{\"@type\":\"ImageObject\",\"inLanguage\":\"sv-SE\",\"@id\":\"https:\/\/joolgroup.com\/#\/schema\/logo\/image\/\",\"url\":\"https:\/\/joolgroup.com\/wp-content\/uploads\/2023\/05\/logo_jool_group_2021_grey_cmyk.svg\",\"contentUrl\":\"https:\/\/joolgroup.com\/wp-content\/uploads\/2023\/05\/logo_jool_group_2021_grey_cmyk.svg\",\"width\":\"1024\",\"height\":\"1024\",\"caption\":\"JOOL Group\"},\"image\":{\"@id\":\"https:\/\/joolgroup.com\/#\/schema\/logo\/image\/\"},\"sameAs\":[\"https:\/\/www.facebook.com\/joolgroup\/\",\"https:\/\/www.instagram.com\/joolgroup\/\",\"https:\/\/www.linkedin.com\/company\/jool-group\/\"]}]}<\/script>\n<!-- \/ Yoast SEO plugin. -->","yoast_head_json":{"title":"Navigo Invest - JOOL GROUP","description":"Navigo Invest \u00e4r ett investmentbolag med fokus p\u00e5 mindre och medelstora f\u00f6retag samt l\u00e5ngsiktigt v\u00e4rdeskapande.","robots":{"index":"index","follow":"follow","max-snippet":"max-snippet:-1","max-image-preview":"max-image-preview:large","max-video-preview":"max-video-preview:-1"},"canonical":"https:\/\/joolgroup.com\/sv\/navigo-invest\/","og_locale":"sv_SE","og_type":"article","og_title":"Navigo Invest - JOOL GROUP","og_description":"Navigo Invest \u00e4r ett investmentbolag med fokus p\u00e5 mindre och medelstora f\u00f6retag samt l\u00e5ngsiktigt v\u00e4rdeskapande.","og_url":"https:\/\/joolgroup.com\/sv\/navigo-invest\/","og_site_name":"JOOL GROUP","article_publisher":"https:\/\/www.facebook.com\/joolgroup\/","article_modified_time":"2025-07-11T11:04:15+00:00","twitter_card":"summary_large_image","twitter_misc":{"Ber\u00e4knad l\u00e4stid":"2 minuter"},"schema":{"@context":"https:\/\/schema.org","@graph":[{"@type":"WebPage","@id":"https:\/\/joolgroup.com\/sv\/navigo-invest\/","url":"https:\/\/joolgroup.com\/sv\/navigo-invest\/","name":"Navigo Invest - JOOL GROUP","isPartOf":{"@id":"https:\/\/joolgroup.com\/#website"},"datePublished":"2023-05-03T08:34:47+00:00","dateModified":"2025-07-11T11:04:15+00:00","description":"Navigo Invest \u00e4r ett investmentbolag med fokus p\u00e5 mindre och medelstora f\u00f6retag samt l\u00e5ngsiktigt v\u00e4rdeskapande.","breadcrumb":{"@id":"https:\/\/joolgroup.com\/sv\/navigo-invest\/#breadcrumb"},"inLanguage":"sv-SE","potentialAction":[{"@type":"ReadAction","target":["https:\/\/joolgroup.com\/sv\/navigo-invest\/"]}]},{"@type":"BreadcrumbList","@id":"https:\/\/joolgroup.com\/sv\/navigo-invest\/#breadcrumb","itemListElement":[{"@type":"ListItem","position":1,"name":"Home","item":"https:\/\/joolgroup.com\/sv\/"},{"@type":"ListItem","position":2,"name":"Navigo Invest"}]},{"@type":"WebSite","@id":"https:\/\/joolgroup.com\/#website","url":"https:\/\/joolgroup.com\/","name":"JOOL GROUP","description":"Our passion is entrepreneurship","publisher":{"@id":"https:\/\/joolgroup.com\/#organization"},"potentialAction":[{"@type":"SearchAction","target":{"@type":"EntryPoint","urlTemplate":"https:\/\/joolgroup.com\/?s={search_term_string}"},"query-input":"required name=search_term_string"}],"inLanguage":"sv-SE"},{"@type":"Organization","@id":"https:\/\/joolgroup.com\/#organization","name":"JOOL Group","url":"https:\/\/joolgroup.com\/","logo":{"@type":"ImageObject","inLanguage":"sv-SE","@id":"https:\/\/joolgroup.com\/#\/schema\/logo\/image\/","url":"https:\/\/joolgroup.com\/wp-content\/uploads\/2023\/05\/logo_jool_group_2021_grey_cmyk.svg","contentUrl":"https:\/\/joolgroup.com\/wp-content\/uploads\/2023\/05\/logo_jool_group_2021_grey_cmyk.svg","width":"1024","height":"1024","caption":"JOOL Group"},"image":{"@id":"https:\/\/joolgroup.com\/#\/schema\/logo\/image\/"},"sameAs":["https:\/\/www.facebook.com\/joolgroup\/","https:\/\/www.instagram.com\/joolgroup\/","https:\/\/www.linkedin.com\/company\/jool-group\/"]}]}},"_links":{"self":[{"href":"https:\/\/joolgroup.com\/sv\/wp-json\/wp\/v2\/pages\/2424"}],"collection":[{"href":"https:\/\/joolgroup.com\/sv\/wp-json\/wp\/v2\/pages"}],"about":[{"href":"https:\/\/joolgroup.com\/sv\/wp-json\/wp\/v2\/types\/page"}],"author":[{"embeddable":true,"href":"https:\/\/joolgroup.com\/sv\/wp-json\/wp\/v2\/users\/1"}],"replies":[{"embeddable":true,"href":"https:\/\/joolgroup.com\/sv\/wp-json\/wp\/v2\/comments?post=2424"}],"version-history":[{"count":15,"href":"https:\/\/joolgroup.com\/sv\/wp-json\/wp\/v2\/pages\/2424\/revisions"}],"predecessor-version":[{"id":3731,"href":"https:\/\/joolgroup.com\/sv\/wp-json\/wp\/v2\/pages\/2424\/revisions\/3731"}],"wp:attachment":[{"href":"https:\/\/joolgroup.com\/sv\/wp-json\/wp\/v2\/media?parent=2424"}],"curies":[{"name":"wp","href":"https:\/\/api.w.org\/{rel}","templated":true}]}}